{"id":494,"date":"2021-11-01T14:28:52","date_gmt":"2021-11-01T11:28:52","guid":{"rendered":"https:\/\/demo.athemes.com\/sydney-main\/?page_id=494"},"modified":"2022-04-20T13:48:01","modified_gmt":"2022-04-20T10:48:01","slug":"galeri","status":"publish","type":"page","link":"https:\/\/kalipsootel.com\/index.php\/galeri\/","title":{"rendered":"Galeri"},"content":{"rendered":"\t\t<div data-elementor-type=\"wp-page\" data-elementor-id=\"494\" class=\"elementor elementor-494\">\n\t\t\t\t\t\t\t\t\t<section class=\"elementor-section elementor-top-section elementor-element elementor-element-2b5663b elementor-section-content-middle elementor-section-boxed elementor-section-height-default elementor-section-height-default\" data-id=\"2b5663b\" data-element_type=\"section\">\n\t\t\t\t\t\t<div class=\"elementor-container elementor-column-gap-default\">\n\t\t\t\t\t<div class=\"elementor-column elementor-col-50 elementor-top-column elementor-element elementor-element-4268857\" data-id=\"4268857\" data-element_type=\"column\">\n\t\t\t<div class=\"elementor-widget-wrap elementor-element-populated\">\n\t\t\t\t\t\t\t\t<div class=\"elementor-element elementor-element-344bd04 elementor-widget elementor-widget-heading\" data-id=\"344bd04\" data-element_type=\"widget\" data-widget_type=\"heading.default\">\n\t\t\t\t<div class=\"elementor-widget-container\">\n\t\t\t<style>\/*! elementor - v3.6.4 - 13-04-2022 *\/\n.elementor-heading-title{padding:0;margin:0;line-height:1}.elementor-widget-heading .elementor-heading-title[class*=elementor-size-]>a{color:inherit;font-size:inherit;line-height:inherit}.elementor-widget-heading .elementor-heading-title.elementor-size-small{font-size:15px}.elementor-widget-heading .elementor-heading-title.elementor-size-medium{font-size:19px}.elementor-widget-heading .elementor-heading-title.elementor-size-large{font-size:29px}.elementor-widget-heading .elementor-heading-title.elementor-size-xl{font-size:39px}.elementor-widget-heading .elementor-heading-title.elementor-size-xxl{font-size:59px}<\/style><h2 class=\"elementor-heading-title elementor-size-default\">Otelimiz<\/h2>\t\t<\/div>\n\t\t\t\t<\/div>\n\t\t\t\t\t<\/div>\n\t\t<\/div>\n\t\t\t\t<div class=\"elementor-column elementor-col-50 elementor-top-column elementor-element elementor-element-872155d\" data-id=\"872155d\" data-element_type=\"column\">\n\t\t\t<div class=\"elementor-widget-wrap elementor-element-populated\">\n\t\t\t\t\t\t\t\t<div class=\"elementor-element elementor-element-3b34bfc elementor-widget elementor-widget-text-editor\" data-id=\"3b34bfc\" data-element_type=\"widget\" data-widget_type=\"text-editor.default\">\n\t\t\t\t<div class=\"elementor-widget-container\">\n\t\t\t<style>\/*! elementor - v3.6.4 - 13-04-2022 *\/\n.elementor-widget-text-editor.elementor-drop-cap-view-stacked .elementor-drop-cap{background-color:#818a91;color:#fff}.elementor-widget-text-editor.elementor-drop-cap-view-framed .elementor-drop-cap{color:#818a91;border:3px solid;background-color:transparent}.elementor-widget-text-editor:not(.elementor-drop-cap-view-default) .elementor-drop-cap{margin-top:8px}.elementor-widget-text-editor:not(.elementor-drop-cap-view-default) .elementor-drop-cap-letter{width:1em;height:1em}.elementor-widget-text-editor .elementor-drop-cap{float:left;text-align:center;line-height:1;font-size:50px}.elementor-widget-text-editor .elementor-drop-cap-letter{display:inline-block}<\/style>\t\t\t\t\t\t\t\t\t\t<\/div>\n\t\t\t\t<\/div>\n\t\t\t\t\t<\/div>\n\t\t<\/div>\n\t\t\t\t\t\t\t<\/div>\n\t\t<\/section>\n\t\t\t\t<section class=\"elementor-section elementor-top-section elementor-element elementor-element-0ffc475 elementor-section-boxed elementor-section-height-default elementor-section-height-default\" data-id=\"0ffc475\" data-element_type=\"section\">\n\t\t\t\t\t\t<div class=\"elementor-container elementor-column-gap-default\">\n\t\t\t\t\t<div class=\"elementor-column elementor-col-100 elementor-top-column elementor-element elementor-element-1a7dce1\" data-id=\"1a7dce1\" data-element_type=\"column\">\n\t\t\t<div class=\"elementor-widget-wrap elementor-element-populated\">\n\t\t\t\t\t\t\t\t<div class=\"elementor-element elementor-element-5119af8 elementor-widget elementor-widget-athemes-portfolio\" data-id=\"5119af8\" data-element_type=\"widget\" data-widget_type=\"athemes-portfolio.default\">\n\t\t\t\t<div class=\"elementor-widget-container\">\n\t\t\t\n\t\t<div class=\"project-wrap portfolio-section style1\">\n\n\t\t\t<ul class=\"project-filter\" id=\"filters\">\n\t\t\t\t<li><a href=\"#\" data-filter=\"*\">T\u00fcm\u00fcn\u00fc g\u00f6ster<\/a><\/li>\n\n\t\t\t\t\n\t\t\t\t\t\t\t\t\t\t\t\t\t\t\t\t\t\t\t\t\t\t\t\t\t\t\t\t\t\t\t\t\t\t\t\t\t\t\t\t\n\t\t\t\t\n\t\t\t\t\t<li><a href='#' data-filter='.bah\u00e7e'>Bah\u00e7e<\/a><\/li>\n\n\t\t\t\t\n\t\t\t\t\t<li><a href='#' data-filter='.\u0130\u00e7-k\u0131s\u0131m'>\u0130\u00e7 K\u0131s\u0131m<\/a><\/li>\n\n\t\t\t\t\n\t\t\t<\/ul>\n\n\t\t\t<div class=\"roll-project fullwidth\">\n\t\t\t\t<div class=\"isotope-container\" data-portfolio-effect=\"fadeInUp\">\n\n\t\t\t\t\t\t\t\t                    \n\t\t\t\t<div class=\"project-item item isotope-item bah\u00e7e\">\n\t\t\t\t\t<div class=\"project-inner\">\n\t\t\t\t\t\t\n\t\t\t\t\t\t\n\t\t\t\t\t\t<a href=\"#\" class=\"project-pop-wrap\" target=\"_blank\" rel=\"nofollow\">\n\t\t\t\t\t\t\t<div class=\"project-pop\"><\/div>\n\t\t\t\t\t\t\t<div class=\"project-title-wrap\">\n\t\t\t\t\t\t\t\t<h3 class=\"project-title\">\n\t\t\t\t\t\t\t\t\t<span>Bah\u00e7e<\/span>\n\t\t\t\t\t\t\t\t<\/h3>\n\t\t\t\t\t\t\t<\/div>\t\t\t\t\t\t\t\n\t\t\t\t\t\t<\/a>\n\t\t\t\t\t\t<a href=\"#\">\n\t\t\t\t\t\t\t\t\t\t\t\t\t\t<img decoding=\"async\" src=\"https:\/\/i0.wp.com\/kalipsootel.com\/wp-content\/uploads\/2022\/04\/WhatsApp-Image-2022-04-19-at-11.19.22.jpeg?w=1170&#038;ssl=1\" alt=\"WhatsApp Image 2022-04-19 at 11.19.22\" data-recalc-dims=\"1\"\/>\n\t\t\t\t\t\t\t\t\t\t\t\t\t<\/a>\n\t\t\t\t\t<\/div>\n\t\t\t\t<\/div>\n\n\t\t\t\t\t\t\t\t                    \n\t\t\t\t<div class=\"project-item item isotope-item bah\u00e7e\">\n\t\t\t\t\t<div class=\"project-inner\">\n\t\t\t\t\t\t\n\t\t\t\t\t\t\n\t\t\t\t\t\t<a href=\"#\" class=\"project-pop-wrap\" target=\"_blank\" rel=\"nofollow\">\n\t\t\t\t\t\t\t<div class=\"project-pop\"><\/div>\n\t\t\t\t\t\t\t<div class=\"project-title-wrap\">\n\t\t\t\t\t\t\t\t<h3 class=\"project-title\">\n\t\t\t\t\t\t\t\t\t<span>Bah\u00e7e<\/span>\n\t\t\t\t\t\t\t\t<\/h3>\n\t\t\t\t\t\t\t<\/div>\t\t\t\t\t\t\t\n\t\t\t\t\t\t<\/a>\n\t\t\t\t\t\t<a href=\"#\">\n\t\t\t\t\t\t\t\t\t\t\t\t\t\t<img decoding=\"async\" src=\"https:\/\/i0.wp.com\/kalipsootel.com\/wp-content\/uploads\/2022\/04\/WhatsApp-Image-2022-04-19-at-11.19.20.jpeg?w=1170&#038;ssl=1\" alt=\"WhatsApp Image 2022-04-19 at 11.19.20\" data-recalc-dims=\"1\"\/>\n\t\t\t\t\t\t\t\t\t\t\t\t\t<\/a>\n\t\t\t\t\t<\/div>\n\t\t\t\t<\/div>\n\n\t\t\t\t\t\t\t\t                    \n\t\t\t\t<div class=\"project-item item isotope-item \u0130\u00e7-k\u0131s\u0131m\">\n\t\t\t\t\t<div class=\"project-inner\">\n\t\t\t\t\t\t\n\t\t\t\t\t\t\n\t\t\t\t\t\t<a href=\"#\" class=\"project-pop-wrap\" target=\"_blank\" rel=\"nofollow\">\n\t\t\t\t\t\t\t<div class=\"project-pop\"><\/div>\n\t\t\t\t\t\t\t<div class=\"project-title-wrap\">\n\t\t\t\t\t\t\t\t<h3 class=\"project-title\">\n\t\t\t\t\t\t\t\t\t<span>\u0130\u00e7 K\u0131s\u0131m<\/span>\n\t\t\t\t\t\t\t\t<\/h3>\n\t\t\t\t\t\t\t<\/div>\t\t\t\t\t\t\t\n\t\t\t\t\t\t<\/a>\n\t\t\t\t\t\t<a href=\"#\">\n\t\t\t\t\t\t\t\t\t\t\t\t\t\t<img decoding=\"async\" src=\"https:\/\/i0.wp.com\/kalipsootel.com\/wp-content\/uploads\/2022\/04\/kalipso-otel-ic-kisim.jpeg?w=1170&#038;ssl=1\" alt=\"kalipso-otel-ic-kisim\" data-recalc-dims=\"1\"\/>\n\t\t\t\t\t\t\t\t\t\t\t\t\t<\/a>\n\t\t\t\t\t<\/div>\n\t\t\t\t<\/div>\n\n\t\t\t\t\t\t\t\t                    \n\t\t\t\t<div class=\"project-item item isotope-item bah\u00e7e\">\n\t\t\t\t\t<div class=\"project-inner\">\n\t\t\t\t\t\t\n\t\t\t\t\t\t\n\t\t\t\t\t\t<a href=\"#\" class=\"project-pop-wrap\" target=\"_blank\" rel=\"nofollow\">\n\t\t\t\t\t\t\t<div class=\"project-pop\"><\/div>\n\t\t\t\t\t\t\t<div class=\"project-title-wrap\">\n\t\t\t\t\t\t\t\t<h3 class=\"project-title\">\n\t\t\t\t\t\t\t\t\t<span>Bah\u00e7e<\/span>\n\t\t\t\t\t\t\t\t<\/h3>\n\t\t\t\t\t\t\t<\/div>\t\t\t\t\t\t\t\n\t\t\t\t\t\t<\/a>\n\t\t\t\t\t\t<a href=\"#\">\n\t\t\t\t\t\t\t\t\t\t\t\t\t\t<img decoding=\"async\" src=\"https:\/\/i0.wp.com\/kalipsootel.com\/wp-content\/uploads\/2022\/04\/kalipso-otel-giris.jpeg?w=1170&#038;ssl=1\" alt=\"kalipso-otel-giris\" data-recalc-dims=\"1\"\/>\n\t\t\t\t\t\t\t\t\t\t\t\t\t<\/a>\n\t\t\t\t\t<\/div>\n\t\t\t\t<\/div>\n\n\t\t\t\t\t\t\t\t\n\t\t\t\t<\/div>\n\t\t\t<\/div>\n\t\t<\/div>\n\n\t\t\t\t<\/div>\n\t\t\t\t<\/div>\n\t\t\t\t\t<\/div>\n\t\t<\/div>\n\t\t\t\t\t\t\t<\/div>\n\t\t<\/section>\n\t\t\t\t<section class=\"elementor-section elementor-top-section elementor-element elementor-element-7686b4e elementor-section-content-middle elementor-section-boxed elementor-section-height-default elementor-section-height-default\" data-id=\"7686b4e\" data-element_type=\"section\" data-settings=\"{&quot;background_background&quot;:&quot;classic&quot;}\">\n\t\t\t\t\t\t<div class=\"elementor-container elementor-column-gap-default\">\n\t\t\t\t\t<div class=\"elementor-column elementor-col-50 elementor-top-column elementor-element elementor-element-a851e9a\" data-id=\"a851e9a\" data-element_type=\"column\">\n\t\t\t<div class=\"elementor-widget-wrap elementor-element-populated\">\n\t\t\t\t\t\t\t\t<div class=\"elementor-element elementor-element-0ab9a9a elementor-widget elementor-widget-heading\" data-id=\"0ab9a9a\" data-element_type=\"widget\" data-widget_type=\"heading.default\">\n\t\t\t\t<div class=\"elementor-widget-container\">\n\t\t\t<h2 class=\"elementor-heading-title elementor-size-default\">Have a project in mind? Let\u2019s get to work.<\/h2>\t\t<\/div>\n\t\t\t\t<\/div>\n\t\t\t\t\t<\/div>\n\t\t<\/div>\n\t\t\t\t<div class=\"elementor-column elementor-col-50 elementor-top-column elementor-element elementor-element-f3ae82a\" data-id=\"f3ae82a\" data-element_type=\"column\">\n\t\t\t<div class=\"elementor-widget-wrap elementor-element-populated\">\n\t\t\t\t\t\t\t\t<div class=\"elementor-element elementor-element-957a20d elementor-align-right elementor-mobile-align-center elementor-widget elementor-widget-button\" data-id=\"957a20d\" data-element_type=\"widget\" data-widget_type=\"button.default\">\n\t\t\t\t<div class=\"elementor-widget-container\">\n\t\t\t\t\t<div class=\"elementor-button-wrapper\">\n\t\t\t<a href=\"#\" class=\"elementor-button-link elementor-button elementor-size-sm\" role=\"button\">\n\t\t\t\t\t\t<span class=\"elementor-button-content-wrapper\">\n\t\t\t\t\t\t<span class=\"elementor-button-text\">Contact us<\/span>\n\t\t<\/span>\n\t\t\t\t\t<\/a>\n\t\t<\/div>\n\t\t\t\t<\/div>\n\t\t\t\t<\/div>\n\t\t\t\t\t<\/div>\n\t\t<\/div>\n\t\t\t\t\t\t\t<\/div>\n\t\t<\/section>\n\t\t\t\t\t\t\t<\/div>\n\t\t","protected":false},"excerpt":{"rendered":"<p>Otelimiz T\u00fcm\u00fcn\u00fc g\u00f6ster Bah\u00e7e \u0130\u00e7 K\u0131s\u0131m Bah\u00e7e Bah\u00e7e \u0130\u00e7 K\u0131s\u0131m Bah\u00e7e Have [&hellip;]<\/p>\n","protected":false},"author":1,"featured_media":0,"parent":0,"menu_order":0,"comment_status":"closed","ping_status":"closed","template":"page-templates\/page_front-page.php","meta":{"spay_email":"","footnotes":""},"class_list":["post-494","page","type-page","status-publish","hentry"],"jetpack-related-posts":[{"id":5,"url":"https:\/\/kalipsootel.com\/","url_meta":{"origin":494,"position":0},"title":"Anasayfa","date":"29 Ekim 2021","format":false,"excerpt":"Ailece Kusursuz Bir Tatil \u0130\u00e7in S\u0131cak bir aile ortam\u0131nda tatilinizi en uygun imkanlarla yapmak i\u00e7in hemen aray\u0131n Hemen ara whatsapp ODA SE\u00c7ENEKLER\u0130 4 ki\u015filik ve 2 ki\u015filik olmak \u00fczere toplam da 10 odam\u0131z bulunmaktad\u0131r. B\u00fct\u00fcn odalar\u0131m\u0131z d\u00fczenli olarak dezenfekte edilmektedir. ODA KAHVALTISI \u015eehrin g\u00fcr\u00fclt\u00fcs\u00fcnden uzakta oda kahvalt\u0131s\u0131 yada bah\u00e7emiz de\u2026","rel":"","context":"Benzer yaz\u0131","img":{"alt_text":"","src":"https:\/\/i0.wp.com\/kalipsootel.com\/wp-content\/uploads\/2022\/04\/kalipso-otel-giris-1024x768.jpeg?resize=350%2C200&ssl=1","width":350,"height":200},"classes":[]},{"id":553,"url":"https:\/\/kalipsootel.com\/index.php\/iletisim\/","url_meta":{"origin":494,"position":1},"title":"\u0130leti\u015fim","date":"2 Kas\u0131m 2021","format":false,"excerpt":"\u0130leti\u015fim Bilgileri 7\/24 Ula\u015f\u0131m sa\u011flayabilece\u011finiz ileti\u015fim bilgilerimiz. telefon 0232 723 21 100552 286 68 82 Location Il\u0131ca Mahallesi 5112. Sokak No:12 35930 \u00c7e\u015fme\/\u0130zmir T\u00fcrkiye Social Facebook Twitter Linkedin Instagram \u0130stek ve \u00f6nerilerinizi form \u00fczerinden g\u00f6nderebilirsiniz.","rel":"","context":"Benzer yaz\u0131","img":{"alt_text":"","src":"","width":0,"height":0},"classes":[]}],"_links":{"self":[{"href":"https:\/\/kalipsootel.com\/index.php\/wp-json\/wp\/v2\/pages\/494","targetHints":{"allow":["GET"]}}],"collection":[{"href":"https:\/\/kalipsootel.com\/index.php\/wp-json\/wp\/v2\/pages"}],"about":[{"href":"https:\/\/kalipsootel.com\/index.php\/wp-json\/wp\/v2\/types\/page"}],"author":[{"embeddable":true,"href":"https:\/\/kalipsootel.com\/index.php\/wp-json\/wp\/v2\/users\/1"}],"replies":[{"embeddable":true,"href":"https:\/\/kalipsootel.com\/index.php\/wp-json\/wp\/v2\/comments?post=494"}],"version-history":[{"count":10,"href":"https:\/\/kalipsootel.com\/index.php\/wp-json\/wp\/v2\/pages\/494\/revisions"}],"predecessor-version":[{"id":793,"href":"https:\/\/kalipsootel.com\/index.php\/wp-json\/wp\/v2\/pages\/494\/revisions\/793"}],"wp:attachment":[{"href":"https:\/\/kalipsootel.com\/index.php\/wp-json\/wp\/v2\/media?parent=494"}],"curies":[{"name":"wp","href":"https:\/\/api.w.org\/{rel}","templated":true}]}}